{"id":14231,"date":"2024-03-22T14:51:39","date_gmt":"2024-03-22T12:51:39","guid":{"rendered":"https:\/\/www.benediko.com\/haendler-programm\/"},"modified":"2024-03-22T15:24:37","modified_gmt":"2024-03-22T13:24:37","slug":"trade-program","status":"publish","type":"page","link":"https:\/\/www.benediko.com\/de\/trade-program\/","title":{"rendered":"H\u00e4ndler-Programm"},"content":{"rendered":"\n<div class=\"wpcf7 no-js\" id=\"wpcf7-f14230-o1\" lang=\"en-US\" dir=\"ltr\">\n<div class=\"screen-reader-response\"><p role=\"status\" aria-live=\"polite\" aria-atomic=\"true\"><\/p> <ul><\/ul><\/div>\n<form action=\"\/de\/wp-json\/wp\/v2\/pages\/14231#wpcf7-f14230-o1\" method=\"post\" class=\"wpcf7-form init\" aria-label=\"Contact form\" novalidate=\"novalidate\" data-status=\"init\">\n<div style=\"display: none;\">\n<input type=\"hidden\" name=\"_wpcf7\" value=\"14230\" \/>\n<input type=\"hidden\" name=\"_wpcf7_version\" value=\"5.7.7\" \/>\n<input type=\"hidden\" name=\"_wpcf7_locale\" value=\"en_US\" \/>\n<input type=\"hidden\" name=\"_wpcf7_unit_tag\" value=\"wpcf7-f14230-o1\" \/>\n<input type=\"hidden\" name=\"_wpcf7_container_post\" value=\"0\" \/>\n<input type=\"hidden\" name=\"_wpcf7_posted_data_hash\" value=\"\" \/>\n<input type=\"hidden\" name=\"_wpcf7_recaptcha_response\" value=\"\" \/>\n<\/div>\n<div>\n\t<h3 class=\"become-trader\">Werden Sie einen Handelsmitglied:\n\t<\/h3>\n\t<p class=\"entry-text\">Wenn Sie das H\u00e4ndler-Programm bei Benediko beitreten m\u00f6chten, f\u00fcllen Sie bitte das folgende Formular aus.\n\t<\/p>\n\t<p class=\"entry-text\">Vorteile des H\u00e4ndler-Programms\n\t<\/p>\n\t<ul class=\"become-trader-list\">\n\t\t<li>\n\t\t\t<p>Exklusive Preise f\u00fcr H\u00e4ndler: Alle Handelsmitglieder erhalten einen Rabatt auf alle Benediko-Artikel.\n\t\t\t<\/p>\n\t\t<\/li>\n\t\t<li>\n\t\t\t<p>Ma\u00dfgeschneidertes Leuchten- und M\u00f6beldesign: Unser Team wird mit Ihnen zusammenarbeiten, um Artikel zu kreieren, die speziell auf die Bed\u00fcrfnisse Ihrer Kunden zugeschnitten sind.\n\t\t\t<\/p>\n\t\t<\/li>\n\t\t<li>\n\t\t\t<p>Werkzeuge f\u00fcr Kundenpr\u00e4sentationen: Sie erhalten Zugang zu unserer Bibliothek mit hochaufl\u00f6senden Produktbildern zur Unterst\u00fctzung von Designpr\u00e4sentationen oder Kundengespr\u00e4chen.\n\t\t\t<\/p>\n\t\t<\/li>\n\t<\/ul>\n\t<h2 class=\"application\">Anmeldung\n\t<\/h2>\n\t<div class=\"form-group\">\n\t\t<div class=\"col-xs-12 col-sm-6\">\n\t\t\t<p><label>Vorname <span class=\"wpcf7-form-control-wrap\" data-name=\"first-name\"><input size=\"40\" class=\"wpcf7-form-control wpcf7-text wpcf7-validates-as-required\" autocomplete=\"name\" aria-required=\"true\" aria-invalid=\"false\" value=\"\" type=\"text\" name=\"first-name\" \/><\/span><\/label>\n\t\t\t<\/p>\n\t\t<\/div>\n\t\t<div class=\"col-xs-12 col-sm-6\">\n\t\t\t<p><label>Nachname <span class=\"wpcf7-form-control-wrap\" data-name=\"last-name\"><input size=\"40\" class=\"wpcf7-form-control wpcf7-text wpcf7-validates-as-required\" autocomplete=\"name\" aria-required=\"true\" aria-invalid=\"false\" value=\"\" type=\"text\" name=\"last-name\" \/><\/span><\/label>\n\t\t\t<\/p>\n\t\t<\/div>\n\t<\/div>\n\t<div class=\"form-group\">\n\t\t<div class=\"col-xs-12 col-sm-6\">\n\t\t\t<p><label>E-Mail <span class=\"wpcf7-form-control-wrap\" data-name=\"your-email\"><input size=\"40\" class=\"wpcf7-form-control wpcf7-text wpcf7-email wpcf7-validates-as-required wpcf7-validates-as-email\" autocomplete=\"email\" aria-required=\"true\" aria-invalid=\"false\" value=\"\" type=\"email\" name=\"your-email\" \/><\/span><\/label>\n\t\t\t<\/p>\n\t\t<\/div>\n\t\t<div class=\"col-xs-12 col-sm-6\">\n\t\t\t<p><label>Beruf <span class=\"wpcf7-form-control-wrap\" data-name=\"Beruf\"><select class=\"wpcf7-form-control wpcf7-select wpcf7-validates-as-required\" id=\"proffesion\" aria-required=\"true\" aria-invalid=\"false\" name=\"Beruf\"><option value=\"INNENARCHITEKT\">INNENARCHITEKT<\/option><option value=\"ARCHITEKTEN\">ARCHITEKTEN<\/option><option value=\"FACILITY MANAGER\">FACILITY MANAGER<\/option><option value=\"BAUHERR\">BAUHERR<\/option><option value=\"ANDERE\">ANDERE<\/option><\/select><\/span><\/label>\n\t\t\t<\/p>\n\t\t<\/div>\n\t<\/div>\n\t<div class=\"form-group\">\n\t\t<div class=\"col-xs-12 col-sm-6\">\n\t\t\t<p><label>Firma <span class=\"wpcf7-form-control-wrap\" data-name=\"Company\"><input size=\"40\" class=\"wpcf7-form-control wpcf7-text wpcf7-validates-as-required\" id=\"company\" aria-required=\"true\" aria-invalid=\"false\" value=\"\" type=\"text\" name=\"Company\" \/><\/span><\/label>\n\t\t\t<\/p>\n\t\t<\/div>\n\t\t<div class=\"col-xs-12 col-sm-6\">\n\t\t\t<p><label>Firmenwebsite <span class=\"wpcf7-form-control-wrap\" data-name=\"Companywebsite\"><input size=\"40\" class=\"wpcf7-form-control wpcf7-text wpcf7-validates-as-required\" id=\"company-website\" aria-required=\"true\" aria-invalid=\"false\" value=\"\" type=\"text\" name=\"Companywebsite\" \/><\/span><\/label>\n\t\t\t<\/p>\n\t\t<\/div>\n\t<\/div>\n\t<div class=\"form-group\">\n\t\t<div class=\"col-xs-12\">\n\t\t\t<p><label>Telefon <span class=\"wpcf7-form-control-wrap\" data-name=\"Phone\"><input size=\"40\" class=\"wpcf7-form-control wpcf7-text wpcf7-tel wpcf7-validates-as-required wpcf7-validates-as-tel\" id=\"phone\" aria-required=\"true\" aria-invalid=\"false\" value=\"\" type=\"tel\" name=\"Phone\" \/><\/span><\/label>\n\t\t\t<\/p>\n\t\t<\/div>\n\t<\/div>\n\t<div class=\"form-group\">\n\t\t<div class=\"col-xs-12 col-sm-6\">\n\t\t\t<p><label>Handelsregisternummer <span class=\"wpcf7-form-control-wrap\" data-name=\"CompanyRegistrationNumber\"><input size=\"40\" class=\"wpcf7-form-control wpcf7-text\" id=\"company-numer\" aria-invalid=\"false\" value=\"\" type=\"text\" name=\"CompanyRegistrationNumber\" \/><\/span><\/label>\n\t\t\t<\/p>\n\t\t<\/div>\n\t\t<div class=\"col-xs-12 col-sm-6\">\n\t\t\t<p><label>Umsatzsteuer-Identifikationsnummer <span class=\"wpcf7-form-control-wrap\" data-name=\"VATNumber\"><input size=\"40\" class=\"wpcf7-form-control wpcf7-text\" id=\"vat\" aria-invalid=\"false\" value=\"\" type=\"text\" name=\"VATNumber\" \/><\/span><\/label>\n\t\t\t<\/p>\n\t\t<\/div>\n\t<\/div>\n\t<div class=\"form-group\">\n\t\t<div class=\"col-xs-12\">\n\t\t\t<p><label>Stra\u00dfe und Hausnummer <span class=\"wpcf7-form-control-wrap\" data-name=\"StreetAddress\"><input size=\"40\" class=\"wpcf7-form-control wpcf7-text wpcf7-validates-as-required\" id=\"street-address\" aria-required=\"true\" aria-invalid=\"false\" value=\"\" type=\"text\" name=\"StreetAddress\" \/><\/span><\/label>\n\t\t\t<\/p>\n\t\t<\/div>\n\t<\/div>\n\t<div class=\"form-group\">\n\t\t<div class=\"col-xs-12\">\n\t\t\t<p><label>Anschrift Zeile 2 <span class=\"wpcf7-form-control-wrap\" data-name=\"Addressline2\"><input size=\"40\" class=\"wpcf7-form-control wpcf7-text\" id=\"address-line\" aria-invalid=\"false\" value=\"\" type=\"text\" name=\"Addressline2\" \/><\/span><\/label>\n\t\t\t<\/p>\n\t\t<\/div>\n\t<\/div>\n\t<div class=\"form-group\">\n\t\t<div class=\"col-xs-12 col-sm-6\">\n\t\t\t<p><label>Stadt <span class=\"wpcf7-form-control-wrap\" data-name=\"city\"><input size=\"40\" class=\"wpcf7-form-control wpcf7-text wpcf7-validates-as-required\" id=\"city\" aria-required=\"true\" aria-invalid=\"false\" value=\"\" type=\"text\" name=\"city\" \/><\/span><\/label>\n\t\t\t<\/p>\n\t\t<\/div>\n\t\t<div class=\"col-xs-12 col-sm-6\">\n\t\t\t<p><label>Region-Bundesland <span class=\"wpcf7-form-control-wrap\" data-name=\"StateProvinceRegion\"><input size=\"40\" class=\"wpcf7-form-control wpcf7-text\" id=\"state\" aria-invalid=\"false\" value=\"\" type=\"text\" name=\"StateProvinceRegion\" \/><\/span><\/label>\n\t\t\t<\/p>\n\t\t<\/div>\n\t<\/div>\n\t<div class=\"form-group\">\n\t\t<div class=\"col-xs-12 col-sm-6\">\n\t\t\t<p><label>Postleitzahl <span class=\"wpcf7-form-control-wrap\" data-name=\"PostalCode\"><input size=\"40\" class=\"wpcf7-form-control wpcf7-text\" id=\"postal\" aria-invalid=\"false\" value=\"\" type=\"text\" name=\"PostalCode\" \/><\/span><\/label>\n\t\t\t<\/p>\n\t\t<\/div>\n\t\t<div class=\"col-xs-12 col-sm-6\">\n\t\t\t<p><label>Land <span class=\"wpcf7-form-control-wrap\" data-name=\"Country\"><input size=\"40\" class=\"wpcf7-form-control wpcf7-text wpcf7-validates-as-required\" id=\"country\" aria-required=\"true\" aria-invalid=\"false\" value=\"\" type=\"text\" name=\"Country\" \/><\/span><\/label>\n\t\t\t<\/p>\n\t\t<\/div>\n\t<\/div>\n\t<div class=\"form-group\">\n\t\t<div class=\"col-xs-12\">\n\t\t\t<p><label> <span class=\"wpcf7-form-control-wrap\" data-name=\"premission\"><span class=\"wpcf7-form-control wpcf7-radio\" id=\"premission\"><span class=\"wpcf7-list-item first last\"><label><input type=\"radio\" name=\"premission\" value=\"Hiermit erkl\u00e4re ich mich damit einverstanden, dass die Benediko Design GmbH meine pers\u00f6nlichen Daten speichert und Ihre Daten weitergibt, soweit dies erforderlich ist, damit wir Ihre Anfrage bearbeiten k\u00f6nnen. Wir werden Ihre Daten niemals zu Marketingzwecken oder zu anderen Zwecken weitergeben.\" checked=\"checked\" \/><span class=\"wpcf7-list-item-label\">Hiermit erkl\u00e4re ich mich damit einverstanden, dass die Benediko Design GmbH meine pers\u00f6nlichen Daten speichert und Ihre Daten weitergibt, soweit dies erforderlich ist, damit wir Ihre Anfrage bearbeiten k\u00f6nnen. Wir werden Ihre Daten niemals zu Marketingzwecken oder zu anderen Zwecken weitergeben.<\/span><\/label><\/span><\/span><\/span> Alle Daten werden gem\u00e4\u00df unserer Datenschutzrichtlinie auf unserer Website gespeichert. <\/label>\n\t\t\t<\/p>\n\t\t<\/div>\n\t<\/div>\n\t<div class=\"form-group\">\n\t\t<div class=\"col-xs-12 col-sm-6\">\n\t\t\t<p class=\"date-app\"> Datum der Anmeldung: <span class=\"date\"><\/span>\n\t\t\t<\/p>\n\t\t<\/div>\n\t\t<div class=\"col-xs-12 col-sm-6\">\n\t\t\t<p><input class=\"wpcf7-form-control has-spinner wpcf7-submit\" type=\"submit\" value=\"SENDEN\" \/>\n\t\t\t<\/p>\n\t\t<\/div>\n\t<\/div>\n<\/div><div class=\"wpcf7-response-output\" aria-hidden=\"true\"><\/div>\n<\/form>\n<\/div>\n\n","protected":false},"excerpt":{"rendered":"Werden Sie einen Handelsmitglied: Wenn Sie das H\u00e4ndler-Programm bei Benediko beitreten m\u00f6chten, f\u00fcllen Sie bitte&hellip;","protected":false},"author":6,"featured_media":0,"parent":0,"menu_order":0,"comment_status":"closed","ping_status":"closed","template":"","meta":{"footnotes":""},"class_list":["post-14231","page","type-page","status-publish","hentry"],"yoast_head":"<!-- This site is optimized with the Yoast SEO plugin v23.1 - https:\/\/yoast.com\/wordpress\/plugins\/seo\/ -->\n<title>H\u00e4ndler-Programm - Benediko<\/title>\n<meta name=\"robots\" content=\"index, follow, max-snippet:-1, max-image-preview:large, max-video-preview:-1\" \/>\n<link rel=\"canonical\" href=\"https:\/\/www.benediko.com\/de\/trade-program\/\" \/>\n<meta property=\"og:locale\" content=\"de_DE\" \/>\n<meta property=\"og:type\" content=\"article\" \/>\n<meta property=\"og:title\" content=\"H\u00e4ndler-Programm - Benediko\" \/>\n<meta property=\"og:url\" content=\"https:\/\/www.benediko.com\/de\/trade-program\/\" \/>\n<meta property=\"og:site_name\" content=\"Benediko\" \/>\n<meta property=\"article:modified_time\" content=\"2024-03-22T13:24:37+00:00\" \/>\n<meta name=\"twitter:card\" content=\"summary_large_image\" \/>\n<script type=\"application\/ld+json\" class=\"yoast-schema-graph\">{\"@context\":\"https:\/\/schema.org\",\"@graph\":[{\"@type\":\"WebPage\",\"@id\":\"https:\/\/www.benediko.com\/de\/trade-program\/\",\"url\":\"https:\/\/www.benediko.com\/de\/trade-program\/\",\"name\":\"H\u00e4ndler-Programm - Benediko\",\"isPartOf\":{\"@id\":\"https:\/\/www.benediko.com\/#website\"},\"datePublished\":\"2024-03-22T12:51:39+00:00\",\"dateModified\":\"2024-03-22T13:24:37+00:00\",\"breadcrumb\":{\"@id\":\"https:\/\/www.benediko.com\/de\/trade-program\/#breadcrumb\"},\"inLanguage\":\"de\",\"potentialAction\":[{\"@type\":\"ReadAction\",\"target\":[\"https:\/\/www.benediko.com\/de\/trade-program\/\"]}]},{\"@type\":\"BreadcrumbList\",\"@id\":\"https:\/\/www.benediko.com\/de\/trade-program\/#breadcrumb\",\"itemListElement\":[{\"@type\":\"ListItem\",\"position\":1,\"name\":\"Home\",\"item\":\"https:\/\/www.benediko.com\/de\/\"},{\"@type\":\"ListItem\",\"position\":2,\"name\":\"H\u00e4ndler-Programm\"}]},{\"@type\":\"WebSite\",\"@id\":\"https:\/\/www.benediko.com\/#website\",\"url\":\"https:\/\/www.benediko.com\/\",\"name\":\"Benediko\",\"description\":\"Handcrafted Lighting\",\"publisher\":{\"@id\":\"https:\/\/www.benediko.com\/#organization\"},\"potentialAction\":[{\"@type\":\"SearchAction\",\"target\":{\"@type\":\"EntryPoint\",\"urlTemplate\":\"https:\/\/www.benediko.com\/?s={search_term_string}\"},\"query-input\":\"required name=search_term_string\"}],\"inLanguage\":\"de\"},{\"@type\":\"Organization\",\"@id\":\"https:\/\/www.benediko.com\/#organization\",\"name\":\"Benediko\",\"url\":\"https:\/\/www.benediko.com\/\",\"logo\":{\"@type\":\"ImageObject\",\"inLanguage\":\"de\",\"@id\":\"https:\/\/www.benediko.com\/#\/schema\/logo\/image\/\",\"url\":\"https:\/\/www.benediko.com\/wp-content\/uploads\/logo-benediko-white-241x100.jpg\",\"contentUrl\":\"https:\/\/www.benediko.com\/wp-content\/uploads\/logo-benediko-white-241x100.jpg\",\"width\":341,\"height\":100,\"caption\":\"Benediko\"},\"image\":{\"@id\":\"https:\/\/www.benediko.com\/#\/schema\/logo\/image\/\"}}]}<\/script>\n<!-- \/ Yoast SEO plugin. -->","yoast_head_json":{"title":"H\u00e4ndler-Programm - Benediko","robots":{"index":"index","follow":"follow","max-snippet":"max-snippet:-1","max-image-preview":"max-image-preview:large","max-video-preview":"max-video-preview:-1"},"canonical":"https:\/\/www.benediko.com\/de\/trade-program\/","og_locale":"de_DE","og_type":"article","og_title":"H\u00e4ndler-Programm - Benediko","og_url":"https:\/\/www.benediko.com\/de\/trade-program\/","og_site_name":"Benediko","article_modified_time":"2024-03-22T13:24:37+00:00","twitter_card":"summary_large_image","schema":{"@context":"https:\/\/schema.org","@graph":[{"@type":"WebPage","@id":"https:\/\/www.benediko.com\/de\/trade-program\/","url":"https:\/\/www.benediko.com\/de\/trade-program\/","name":"H\u00e4ndler-Programm - Benediko","isPartOf":{"@id":"https:\/\/www.benediko.com\/#website"},"datePublished":"2024-03-22T12:51:39+00:00","dateModified":"2024-03-22T13:24:37+00:00","breadcrumb":{"@id":"https:\/\/www.benediko.com\/de\/trade-program\/#breadcrumb"},"inLanguage":"de","potentialAction":[{"@type":"ReadAction","target":["https:\/\/www.benediko.com\/de\/trade-program\/"]}]},{"@type":"BreadcrumbList","@id":"https:\/\/www.benediko.com\/de\/trade-program\/#breadcrumb","itemListElement":[{"@type":"ListItem","position":1,"name":"Home","item":"https:\/\/www.benediko.com\/de\/"},{"@type":"ListItem","position":2,"name":"H\u00e4ndler-Programm"}]},{"@type":"WebSite","@id":"https:\/\/www.benediko.com\/#website","url":"https:\/\/www.benediko.com\/","name":"Benediko","description":"Handcrafted Lighting","publisher":{"@id":"https:\/\/www.benediko.com\/#organization"},"potentialAction":[{"@type":"SearchAction","target":{"@type":"EntryPoint","urlTemplate":"https:\/\/www.benediko.com\/?s={search_term_string}"},"query-input":"required name=search_term_string"}],"inLanguage":"de"},{"@type":"Organization","@id":"https:\/\/www.benediko.com\/#organization","name":"Benediko","url":"https:\/\/www.benediko.com\/","logo":{"@type":"ImageObject","inLanguage":"de","@id":"https:\/\/www.benediko.com\/#\/schema\/logo\/image\/","url":"https:\/\/www.benediko.com\/wp-content\/uploads\/logo-benediko-white-241x100.jpg","contentUrl":"https:\/\/www.benediko.com\/wp-content\/uploads\/logo-benediko-white-241x100.jpg","width":341,"height":100,"caption":"Benediko"},"image":{"@id":"https:\/\/www.benediko.com\/#\/schema\/logo\/image\/"}}]}},"_links":{"self":[{"href":"https:\/\/www.benediko.com\/de\/wp-json\/wp\/v2\/pages\/14231"}],"collection":[{"href":"https:\/\/www.benediko.com\/de\/wp-json\/wp\/v2\/pages"}],"about":[{"href":"https:\/\/www.benediko.com\/de\/wp-json\/wp\/v2\/types\/page"}],"author":[{"embeddable":true,"href":"https:\/\/www.benediko.com\/de\/wp-json\/wp\/v2\/users\/6"}],"replies":[{"embeddable":true,"href":"https:\/\/www.benediko.com\/de\/wp-json\/wp\/v2\/comments?post=14231"}],"version-history":[{"count":1,"href":"https:\/\/www.benediko.com\/de\/wp-json\/wp\/v2\/pages\/14231\/revisions"}],"predecessor-version":[{"id":14232,"href":"https:\/\/www.benediko.com\/de\/wp-json\/wp\/v2\/pages\/14231\/revisions\/14232"}],"wp:attachment":[{"href":"https:\/\/www.benediko.com\/de\/wp-json\/wp\/v2\/media?parent=14231"}],"curies":[{"name":"wp","href":"https:\/\/api.w.org\/{rel}","templated":true}]}}