{"id":13342,"date":"2019-05-31T16:59:06","date_gmt":"2019-05-31T14:59:06","guid":{"rendered":"https:\/\/www.benediko.com\/quick-ship\/"},"modified":"2023-11-02T12:52:54","modified_gmt":"2023-11-02T10:52:54","slug":"quick-ship","status":"publish","type":"page","link":"https:\/\/www.benediko.com\/de\/quick-ship\/","title":{"rendered":"EXPRESS LIEFERUNG"},"content":{"rendered":"<p>[vc_row full_width=&#8220;stretch_row_content_no_spaces&#8220; gap=&#8220;30&#8243; content_placement=&#8220;middle&#8220; parallax=&#8220;content-moving&#8220; parallax_speed_bg=&#8220;1.2&#8243;][vc_column width=&#8220;1\/6&#8243;][\/vc_column][vc_column width=&#8220;2\/3&#8243;][vc_column_text]<\/p>\n<h2 style=\"text-align: center;\">SCHNELLVERSAND<\/h2>\n<p>&nbsp;<\/p>\n<p style=\"text-align: center;\">Bei Benediko werden unsere Lampen und M\u00f6belst\u00fccke auf Bestellung gefertigt. Jeder Auftrag wird individuell von einem Kunsthandwerker nach unseren hohen Standards erf\u00fcllt, signiert und datiert. In begrenzter Menge umfasst diese Kategorie auch einige unserer beliebtesten St\u00fccke, welche in begrenzter Zahl sofort lieferbar sind. Bitte beachten Sie, dass die Verf\u00fcgbarkeit nicht garantiert ist, sondern von unseren Materialbest\u00e4nden abh\u00e4ngig ist.<\/p>\n<p>[\/vc_column_text][\/vc_column][vc_column width=&#8220;1\/6&#8243;][\/vc_column][\/vc_row][vc_row full_width=&#8220;stretch_row_content&#8220;][vc_column][vc_column_text]<section class=\"products products--quick-ship\"><h2>Quick ship products<\/h2><ul><li><a href=\"https:\/\/www.benediko.com\/de\/product\/etna-stehlampe-2\/\"><picture style=\"background-image: url('https:\/\/www.benediko.com\/wp-content\/uploads\/ETNA-FLOOR-LAMP-ANTIQUE-GOLD-1-v2.jpg')\"><img decoding=\"async\" src=\"https:\/\/www.benediko.com\/wp-content\/uploads\/ETNA-FLOOR-LAMP-ANTIQUE-GOLD-1-v2.jpg\" title=\"ETNA STEHLAMPE\" \/><\/a><h3><a href=\"https:\/\/www.benediko.com\/de\/product\/etna-stehlampe-2\/\">ETNA STEHLAMPE<\/a><\/h3><p><a href=\"https:\/\/www.benediko.com\/de\/product\/etna-stehlampe-2\/\">ANTIKGOLD | FFL01<\/a><\/p><\/li><li><a href=\"https:\/\/www.benediko.com\/de\/product\/linea-skulptur-lampe-4\/\"><picture style=\"background-image: url('https:\/\/www.benediko.com\/wp-content\/uploads\/Sculpture-Lamp-No.1-in-White-Plaster--scaled.jpg')\"><img decoding=\"async\" src=\"https:\/\/www.benediko.com\/wp-content\/uploads\/Sculpture-Lamp-No.1-in-White-Plaster--scaled.jpg\" title=\"LINEA SKULPTUR LAMPE\" \/><\/a><h3><a href=\"https:\/\/www.benediko.com\/de\/product\/linea-skulptur-lampe-4\/\">LINEA SKULPTUR LAMPE<\/a><\/h3><p><a href=\"https:\/\/www.benediko.com\/de\/product\/linea-skulptur-lampe-4\/\">GIPSWEISS | STL03<\/a><\/p><\/li><li><a href=\"https:\/\/www.benediko.com\/de\/product\/kleine-linea-skulptur\/\"><picture style=\"background-image: url('')\"><img decoding=\"async\" src=\"\" title=\"KLEINE LINEA SKULPTUR\" \/><\/a><h3><a href=\"https:\/\/www.benediko.com\/de\/product\/kleine-linea-skulptur\/\">KLEINE LINEA SKULPTUR<\/a><\/h3><p><a href=\"https:\/\/www.benediko.com\/de\/product\/kleine-linea-skulptur\/\">GIPSSCHWARZ | SAOS01 <\/a><\/p><\/li><li><a href=\"https:\/\/www.benediko.com\/de\/product\/kleine-linea-skulptur-2\/\"><picture style=\"background-image: url('')\"><img decoding=\"async\" src=\"\" title=\"KLEINE LINEA SKULPTUR\" \/><\/a><h3><a href=\"https:\/\/www.benediko.com\/de\/product\/kleine-linea-skulptur-2\/\">KLEINE LINEA SKULPTUR<\/a><\/h3><p><a href=\"https:\/\/www.benediko.com\/de\/product\/kleine-linea-skulptur-2\/\">SIENA DUNKEL | SAOS01 <\/a><\/p><\/li><li><a href=\"https:\/\/www.benediko.com\/de\/product\/kleine-linea-skulptur-3\/\"><picture style=\"background-image: url('')\"><img decoding=\"async\" src=\"\" title=\"KLEINE LINEA SKULPTUR\" \/><\/a><h3><a href=\"https:\/\/www.benediko.com\/de\/product\/kleine-linea-skulptur-3\/\">KLEINE LINEA SKULPTUR<\/a><\/h3><p><a href=\"https:\/\/www.benediko.com\/de\/product\/kleine-linea-skulptur-3\/\">GIPSWEISS | SAOS01 <\/a><\/p><\/li><li><a href=\"https:\/\/www.benediko.com\/de\/product\/linea-skulptur-lampe\/\"><picture style=\"background-image: url('https:\/\/www.benediko.com\/wp-content\/uploads\/Sculpture-Lamp-No.1-in-Black-Plaster-scaled.jpg')\"><img decoding=\"async\" src=\"https:\/\/www.benediko.com\/wp-content\/uploads\/Sculpture-Lamp-No.1-in-Black-Plaster-scaled.jpg\" title=\"LINEA SKULPTUR LAMPE\" \/><\/a><h3><a href=\"https:\/\/www.benediko.com\/de\/product\/linea-skulptur-lampe\/\">LINEA SKULPTUR LAMPE<\/a><\/h3><p><a href=\"https:\/\/www.benediko.com\/de\/product\/linea-skulptur-lampe\/\">SCHWARZ | STL03<\/a><\/p><\/li><li><a href=\"https:\/\/www.benediko.com\/de\/product\/linea-skulptur-lampe-2\/\"><picture style=\"background-image: url('https:\/\/www.benediko.com\/wp-content\/uploads\/Sculpture-Lamp-No.1-scaled.jpg')\"><img decoding=\"async\" src=\"https:\/\/www.benediko.com\/wp-content\/uploads\/Sculpture-Lamp-No.1-scaled.jpg\" title=\"LINEA SKULPTUR LAMPE\" \/><\/a><h3><a href=\"https:\/\/www.benediko.com\/de\/product\/linea-skulptur-lampe-2\/\">LINEA SKULPTUR LAMPE<\/a><\/h3><p><a href=\"https:\/\/www.benediko.com\/de\/product\/linea-skulptur-lampe-2\/\">SIENA DUNKEL | STL03<\/a><\/p><\/li><li><a href=\"https:\/\/www.benediko.com\/de\/product\/grosse-linea-skulptur\/\"><picture style=\"background-image: url('')\"><img decoding=\"async\" src=\"\" title=\"GROSSE LINEA SKULPTUR\" \/><\/a><h3><a href=\"https:\/\/www.benediko.com\/de\/product\/grosse-linea-skulptur\/\">GROSSE LINEA SKULPTUR<\/a><\/h3><p><a href=\"https:\/\/www.benediko.com\/de\/product\/grosse-linea-skulptur\/\">GIPSSCHWARZ | SAOSLE02 <\/a><\/p><\/li><\/ul><\/section>[\/vc_column_text][\/vc_column][\/vc_row]<\/p>\n","protected":false},"excerpt":{"rendered":"<p>[vc_row full_width=&#8220;stretch_row_content_no_spaces&#8220; gap=&#8220;30&#8243; content_placement=&#8220;middle&#8220; parallax=&#8220;content-moving&#8220; parallax_speed_bg=&#8220;1.2&#8243;][vc_column width=&#8220;1\/6&#8243;][\/vc_column][vc_column width=&#8220;2\/3&#8243;][vc_column_text] SCHNELLVERSAND &nbsp; Bei Benediko werden unsere Lampen&hellip;<\/p>\n","protected":false},"author":1,"featured_media":13647,"parent":0,"menu_order":14,"comment_status":"closed","ping_status":"closed","template":"","meta":{"footnotes":""},"class_list":["post-13342","page","type-page","status-publish","has-post-thumbnail","hentry"],"yoast_head":"<!-- This site is optimized with the Yoast SEO plugin v23.1 - https:\/\/yoast.com\/wordpress\/plugins\/seo\/ -->\n<title>EXPRESS LIEFERUNG - Benediko<\/title>\n<meta name=\"description\" content=\"Bei Benediko werden unsere Lampen und M\u00f6belst\u00fccke auf Bestellung gefertigt. Jeder Auftrag wird individuell von einem Kunsthandwerker\" \/>\n<meta name=\"robots\" content=\"index, follow, max-snippet:-1, max-image-preview:large, max-video-preview:-1\" \/>\n<link rel=\"canonical\" href=\"https:\/\/www.benediko.com\/de\/quick-ship\/\" \/>\n<meta property=\"og:locale\" content=\"de_DE\" \/>\n<meta property=\"og:type\" content=\"article\" \/>\n<meta property=\"og:title\" content=\"SCHNELLVERSAND\" \/>\n<meta property=\"og:description\" content=\"Bei Benediko werden unsere Lampen und M\u00f6belst\u00fccke auf Bestellung gefertigt. Jeder Auftrag wird individuell von einem Kunsthandwerker\" \/>\n<meta property=\"og:url\" content=\"https:\/\/www.benediko.com\/de\/quick-ship\/\" \/>\n<meta property=\"og:site_name\" content=\"Benediko\" \/>\n<meta property=\"article:modified_time\" content=\"2023-11-02T10:52:54+00:00\" \/>\n<meta property=\"og:image\" content=\"https:\/\/www.benediko.com\/wp-content\/uploads\/1200x627-Benediko-DE-1.jpg\" \/>\n\t<meta property=\"og:image:width\" content=\"1200\" \/>\n\t<meta property=\"og:image:height\" content=\"627\" \/>\n\t<meta property=\"og:image:type\" content=\"image\/jpeg\" \/>\n<meta name=\"twitter:card\" content=\"summary_large_image\" \/>\n<meta name=\"twitter:title\" content=\"SCHNELLVERSAND\" \/>\n<meta name=\"twitter:description\" content=\"Bei Benediko werden unsere Lampen und M\u00f6belst\u00fccke auf Bestellung gefertigt. Jeder Auftrag wird individuell von einem Kunsthandwerker\" \/>\n<meta name=\"twitter:image\" content=\"https:\/\/www.benediko.com\/wp-content\/uploads\/1200x627-Benediko-DE-1.jpg\" \/>\n<meta name=\"twitter:label1\" content=\"Gesch\u00e4tzte Lesezeit\" \/>\n\t<meta name=\"twitter:data1\" content=\"1\u00a0Minute\" \/>\n<script type=\"application\/ld+json\" class=\"yoast-schema-graph\">{\"@context\":\"https:\/\/schema.org\",\"@graph\":[{\"@type\":\"WebPage\",\"@id\":\"https:\/\/www.benediko.com\/de\/quick-ship\/\",\"url\":\"https:\/\/www.benediko.com\/de\/quick-ship\/\",\"name\":\"EXPRESS LIEFERUNG - Benediko\",\"isPartOf\":{\"@id\":\"https:\/\/www.benediko.com\/#website\"},\"primaryImageOfPage\":{\"@id\":\"https:\/\/www.benediko.com\/de\/quick-ship\/#primaryimage\"},\"image\":{\"@id\":\"https:\/\/www.benediko.com\/de\/quick-ship\/#primaryimage\"},\"thumbnailUrl\":\"https:\/\/www.benediko.com\/wp-content\/uploads\/1200x627-Benediko-DE-1.jpg\",\"datePublished\":\"2019-05-31T14:59:06+00:00\",\"dateModified\":\"2023-11-02T10:52:54+00:00\",\"description\":\"Bei Benediko werden unsere Lampen und M\u00f6belst\u00fccke auf Bestellung gefertigt. Jeder Auftrag wird individuell von einem Kunsthandwerker\",\"breadcrumb\":{\"@id\":\"https:\/\/www.benediko.com\/de\/quick-ship\/#breadcrumb\"},\"inLanguage\":\"de\",\"potentialAction\":[{\"@type\":\"ReadAction\",\"target\":[\"https:\/\/www.benediko.com\/de\/quick-ship\/\"]}]},{\"@type\":\"ImageObject\",\"inLanguage\":\"de\",\"@id\":\"https:\/\/www.benediko.com\/de\/quick-ship\/#primaryimage\",\"url\":\"https:\/\/www.benediko.com\/wp-content\/uploads\/1200x627-Benediko-DE-1.jpg\",\"contentUrl\":\"https:\/\/www.benediko.com\/wp-content\/uploads\/1200x627-Benediko-DE-1.jpg\",\"width\":1200,\"height\":627},{\"@type\":\"BreadcrumbList\",\"@id\":\"https:\/\/www.benediko.com\/de\/quick-ship\/#breadcrumb\",\"itemListElement\":[{\"@type\":\"ListItem\",\"position\":1,\"name\":\"Home\",\"item\":\"https:\/\/www.benediko.com\/de\/\"},{\"@type\":\"ListItem\",\"position\":2,\"name\":\"EXPRESS LIEFERUNG\"}]},{\"@type\":\"WebSite\",\"@id\":\"https:\/\/www.benediko.com\/#website\",\"url\":\"https:\/\/www.benediko.com\/\",\"name\":\"Benediko\",\"description\":\"Handcrafted Lighting\",\"publisher\":{\"@id\":\"https:\/\/www.benediko.com\/#organization\"},\"potentialAction\":[{\"@type\":\"SearchAction\",\"target\":{\"@type\":\"EntryPoint\",\"urlTemplate\":\"https:\/\/www.benediko.com\/?s={search_term_string}\"},\"query-input\":\"required name=search_term_string\"}],\"inLanguage\":\"de\"},{\"@type\":\"Organization\",\"@id\":\"https:\/\/www.benediko.com\/#organization\",\"name\":\"Benediko\",\"url\":\"https:\/\/www.benediko.com\/\",\"logo\":{\"@type\":\"ImageObject\",\"inLanguage\":\"de\",\"@id\":\"https:\/\/www.benediko.com\/#\/schema\/logo\/image\/\",\"url\":\"https:\/\/www.benediko.com\/wp-content\/uploads\/logo-benediko-white-241x100.jpg\",\"contentUrl\":\"https:\/\/www.benediko.com\/wp-content\/uploads\/logo-benediko-white-241x100.jpg\",\"width\":341,\"height\":100,\"caption\":\"Benediko\"},\"image\":{\"@id\":\"https:\/\/www.benediko.com\/#\/schema\/logo\/image\/\"}}]}<\/script>\n<!-- \/ Yoast SEO plugin. -->","yoast_head_json":{"title":"EXPRESS LIEFERUNG - Benediko","description":"Bei Benediko werden unsere Lampen und M\u00f6belst\u00fccke auf Bestellung gefertigt. Jeder Auftrag wird individuell von einem Kunsthandwerker","robots":{"index":"index","follow":"follow","max-snippet":"max-snippet:-1","max-image-preview":"max-image-preview:large","max-video-preview":"max-video-preview:-1"},"canonical":"https:\/\/www.benediko.com\/de\/quick-ship\/","og_locale":"de_DE","og_type":"article","og_title":"SCHNELLVERSAND","og_description":"Bei Benediko werden unsere Lampen und M\u00f6belst\u00fccke auf Bestellung gefertigt. Jeder Auftrag wird individuell von einem Kunsthandwerker","og_url":"https:\/\/www.benediko.com\/de\/quick-ship\/","og_site_name":"Benediko","article_modified_time":"2023-11-02T10:52:54+00:00","og_image":[{"width":1200,"height":627,"url":"https:\/\/www.benediko.com\/wp-content\/uploads\/1200x627-Benediko-DE-1.jpg","type":"image\/jpeg"}],"twitter_card":"summary_large_image","twitter_title":"SCHNELLVERSAND","twitter_description":"Bei Benediko werden unsere Lampen und M\u00f6belst\u00fccke auf Bestellung gefertigt. Jeder Auftrag wird individuell von einem Kunsthandwerker","twitter_image":"https:\/\/www.benediko.com\/wp-content\/uploads\/1200x627-Benediko-DE-1.jpg","twitter_misc":{"Gesch\u00e4tzte Lesezeit":"1\u00a0Minute"},"schema":{"@context":"https:\/\/schema.org","@graph":[{"@type":"WebPage","@id":"https:\/\/www.benediko.com\/de\/quick-ship\/","url":"https:\/\/www.benediko.com\/de\/quick-ship\/","name":"EXPRESS LIEFERUNG - Benediko","isPartOf":{"@id":"https:\/\/www.benediko.com\/#website"},"primaryImageOfPage":{"@id":"https:\/\/www.benediko.com\/de\/quick-ship\/#primaryimage"},"image":{"@id":"https:\/\/www.benediko.com\/de\/quick-ship\/#primaryimage"},"thumbnailUrl":"https:\/\/www.benediko.com\/wp-content\/uploads\/1200x627-Benediko-DE-1.jpg","datePublished":"2019-05-31T14:59:06+00:00","dateModified":"2023-11-02T10:52:54+00:00","description":"Bei Benediko werden unsere Lampen und M\u00f6belst\u00fccke auf Bestellung gefertigt. Jeder Auftrag wird individuell von einem Kunsthandwerker","breadcrumb":{"@id":"https:\/\/www.benediko.com\/de\/quick-ship\/#breadcrumb"},"inLanguage":"de","potentialAction":[{"@type":"ReadAction","target":["https:\/\/www.benediko.com\/de\/quick-ship\/"]}]},{"@type":"ImageObject","inLanguage":"de","@id":"https:\/\/www.benediko.com\/de\/quick-ship\/#primaryimage","url":"https:\/\/www.benediko.com\/wp-content\/uploads\/1200x627-Benediko-DE-1.jpg","contentUrl":"https:\/\/www.benediko.com\/wp-content\/uploads\/1200x627-Benediko-DE-1.jpg","width":1200,"height":627},{"@type":"BreadcrumbList","@id":"https:\/\/www.benediko.com\/de\/quick-ship\/#breadcrumb","itemListElement":[{"@type":"ListItem","position":1,"name":"Home","item":"https:\/\/www.benediko.com\/de\/"},{"@type":"ListItem","position":2,"name":"EXPRESS LIEFERUNG"}]},{"@type":"WebSite","@id":"https:\/\/www.benediko.com\/#website","url":"https:\/\/www.benediko.com\/","name":"Benediko","description":"Handcrafted Lighting","publisher":{"@id":"https:\/\/www.benediko.com\/#organization"},"potentialAction":[{"@type":"SearchAction","target":{"@type":"EntryPoint","urlTemplate":"https:\/\/www.benediko.com\/?s={search_term_string}"},"query-input":"required name=search_term_string"}],"inLanguage":"de"},{"@type":"Organization","@id":"https:\/\/www.benediko.com\/#organization","name":"Benediko","url":"https:\/\/www.benediko.com\/","logo":{"@type":"ImageObject","inLanguage":"de","@id":"https:\/\/www.benediko.com\/#\/schema\/logo\/image\/","url":"https:\/\/www.benediko.com\/wp-content\/uploads\/logo-benediko-white-241x100.jpg","contentUrl":"https:\/\/www.benediko.com\/wp-content\/uploads\/logo-benediko-white-241x100.jpg","width":341,"height":100,"caption":"Benediko"},"image":{"@id":"https:\/\/www.benediko.com\/#\/schema\/logo\/image\/"}}]}},"_links":{"self":[{"href":"https:\/\/www.benediko.com\/de\/wp-json\/wp\/v2\/pages\/13342"}],"collection":[{"href":"https:\/\/www.benediko.com\/de\/wp-json\/wp\/v2\/pages"}],"about":[{"href":"https:\/\/www.benediko.com\/de\/wp-json\/wp\/v2\/types\/page"}],"author":[{"embeddable":true,"href":"https:\/\/www.benediko.com\/de\/wp-json\/wp\/v2\/users\/1"}],"replies":[{"embeddable":true,"href":"https:\/\/www.benediko.com\/de\/wp-json\/wp\/v2\/comments?post=13342"}],"version-history":[{"count":7,"href":"https:\/\/www.benediko.com\/de\/wp-json\/wp\/v2\/pages\/13342\/revisions"}],"predecessor-version":[{"id":13751,"href":"https:\/\/www.benediko.com\/de\/wp-json\/wp\/v2\/pages\/13342\/revisions\/13751"}],"wp:featuredmedia":[{"embeddable":true,"href":"https:\/\/www.benediko.com\/de\/wp-json\/wp\/v2\/media\/13647"}],"wp:attachment":[{"href":"https:\/\/www.benediko.com\/de\/wp-json\/wp\/v2\/media?parent=13342"}],"curies":[{"name":"wp","href":"https:\/\/api.w.org\/{rel}","templated":true}]}}