{"id":13331,"date":"2019-06-05T11:05:14","date_gmt":"2019-06-05T09:05:14","guid":{"rendered":"https:\/\/www.benediko.com\/about-us\/painting-studio\/"},"modified":"2024-09-03T14:12:56","modified_gmt":"2024-09-03T12:12:56","slug":"malstudio","status":"publish","type":"page","link":"https:\/\/www.benediko.com\/de\/ueber-uns\/malstudio\/","title":{"rendered":"MALSTUDIO"},"content":{"rendered":"<p>[vc_row full_width=&#8220;stretch_row&#8220; full_height=&#8220;yes&#8220; content_placement=&#8220;middle&#8220; css=&#8220;.vc_custom_1725365477641{background-image: url(https:\/\/www.benediko.com\/wp-content\/uploads\/IMG_4455-scaled.jpeg?id=15144) !important;background-position: center !important;background-repeat: no-repeat !important;background-size: cover !important;}&#8220; el_class=&#8220;min-height-mobile&#8220;][vc_column][vc_empty_space height=&#8220;150px&#8220; el_class=&#8220;hidden-xs hidden-sm&#8220;][vc_empty_space height=&#8220;150px&#8220;][vc_column_text]<\/p>\n<h2 style=\"text-align: center;\"><span style=\"color: #ffffff;\">MALSTUDIO<\/span><\/h2>\n<p>[\/vc_column_text][vc_empty_space height=&#8220;150px&#8220;][vc_empty_space height=&#8220;150px&#8220; el_class=&#8220;hidden-xs hidden-sm hidden-md&#8220;][\/vc_column][\/vc_row][vc_row][vc_column][vc_empty_space height=&#8220;100px&#8220;][vc_column_text css_animation=&#8220;fadeInDown&#8220;]<\/p>\n<p style=\"text-align: center;\">Das Malstudio ist ein wesentlicher Bestandteil von Benediko. Hier verwandeln geschickte Handwerker<br \/>\nund Meisterkoloristen einfache Metalle, Holz- oder Werkstoffe in eines unserer exquisiten St\u00fccke.<\/p>\n<p style=\"text-align: center;\">Gips war das bevorzugte Material einiger der angesehensten Designer des fr\u00fchen 20. Jahrhunderts,<br \/>\ndarunter Jean-Michel Frank, Serge Roche und Giacometti. Heute haben wir bei Benediko das<br \/>\nhistorische Material in unserer Kollektion von Beleuchtung, M\u00f6beln und Accessoires wieder<br \/>\neingef\u00fchrt. Unsere Designs werden durch das Auftragen von Gips in Schichten mithilfe eines Pinsels<br \/>\nkreiert. Anschlie\u00dfend wird der Gips sorgf\u00e4ltig geformt und geschliffen, um Objekte von surrealer<br \/>\nSch\u00f6nheit zu erschaffen.<\/p>\n<p style=\"text-align: center;\">Dann folgt der Dekorationsprozess. Dieser umfasst viele komplizierte Verfahren, die mit gr\u00f6\u00dfter<br \/>\nPr\u00e4zision befolgt werden m\u00fcssen. Schicht f\u00fcr Schicht werden bei uns sorgf\u00e4ltig Goldblatt, Silber,<br \/>\nFarbe, Metallspr\u00fchgrundierung, Farben, Wachs, Acryllack und verschiedene geheime Rezepte<br \/>\naufgetragen. Diese komplizierten Verfahren erfordern h\u00f6chste Pr\u00e4zision und werden in einer<br \/>\nmeditativen Ruhe ausgef\u00fchrt, die selbst den unbeteiligten Betrachter in ihren Bann zieht.<\/p>\n<p>[\/vc_column_text][\/vc_column][\/vc_row]<\/p>\n","protected":false},"excerpt":{"rendered":"<p>[vc_row full_width=&#8220;stretch_row&#8220; full_height=&#8220;yes&#8220; content_placement=&#8220;middle&#8220; css=&#8220;.vc_custom_1725365477641{background-image: url(https:\/\/www.benediko.com\/wp-content\/uploads\/IMG_4455-scaled.jpeg?id=15144) !important;background-position: center !important;background-repeat: no-repeat !important;background-size: cover !important;}&#8220; el_class=&#8220;min-height-mobile&#8220;][vc_column][vc_empty_space height=&#8220;150px&#8220;&hellip;<\/p>\n","protected":false},"author":1,"featured_media":13647,"parent":13319,"menu_order":3,"comment_status":"closed","ping_status":"closed","template":"","meta":{"footnotes":""},"class_list":["post-13331","page","type-page","status-publish","has-post-thumbnail","hentry"],"yoast_head":"<!-- This site is optimized with the Yoast SEO plugin v23.1 - https:\/\/yoast.com\/wordpress\/plugins\/seo\/ -->\n<title>MALSTUDIO - Benediko<\/title>\n<meta name=\"description\" content=\"Das Malstudio ist ein wesentlicher Bestandteil von Benediko. Hier verwandeln geschickte Handwerkerund Meisterkoloristen einfache Metalle, Holz\" \/>\n<meta name=\"robots\" content=\"index, follow, max-snippet:-1, max-image-preview:large, max-video-preview:-1\" \/>\n<link rel=\"canonical\" href=\"https:\/\/www.benediko.com\/de\/ueber-uns\/malstudio\/\" \/>\n<meta property=\"og:locale\" content=\"de_DE\" \/>\n<meta property=\"og:type\" content=\"article\" \/>\n<meta property=\"og:title\" content=\"MALSTUDIO\" \/>\n<meta property=\"og:description\" content=\"Das Malstudio ist ein wesentlicher Bestandteil von Benediko. Hier verwandeln geschickte Handwerkerund Meisterkoloristen einfache Metalle, Holz\" \/>\n<meta property=\"og:url\" content=\"https:\/\/www.benediko.com\/de\/ueber-uns\/malstudio\/\" \/>\n<meta property=\"og:site_name\" content=\"Benediko\" \/>\n<meta property=\"article:modified_time\" content=\"2024-09-03T12:12:56+00:00\" \/>\n<meta property=\"og:image\" content=\"https:\/\/www.benediko.com\/wp-content\/uploads\/1200x627-Benediko-DE-1.jpg\" \/>\n\t<meta property=\"og:image:width\" content=\"1200\" \/>\n\t<meta property=\"og:image:height\" content=\"627\" \/>\n\t<meta property=\"og:image:type\" content=\"image\/jpeg\" \/>\n<meta name=\"twitter:card\" content=\"summary_large_image\" \/>\n<meta name=\"twitter:title\" content=\"MALSTUDIO\" \/>\n<meta name=\"twitter:description\" content=\"Das Malstudio ist ein wesentlicher Bestandteil von Benediko. Hier verwandeln geschickte Handwerkerund Meisterkoloristen einfache Metalle, Holz\" \/>\n<meta name=\"twitter:image\" content=\"https:\/\/www.benediko.com\/wp-content\/uploads\/1200x627-Benediko-DE-1.jpg\" \/>\n<meta name=\"twitter:label1\" content=\"Gesch\u00e4tzte Lesezeit\" \/>\n\t<meta name=\"twitter:data1\" content=\"1\u00a0Minute\" \/>\n<script type=\"application\/ld+json\" class=\"yoast-schema-graph\">{\"@context\":\"https:\/\/schema.org\",\"@graph\":[{\"@type\":\"WebPage\",\"@id\":\"https:\/\/www.benediko.com\/de\/ueber-uns\/malstudio\/\",\"url\":\"https:\/\/www.benediko.com\/de\/ueber-uns\/malstudio\/\",\"name\":\"MALSTUDIO - Benediko\",\"isPartOf\":{\"@id\":\"https:\/\/www.benediko.com\/#website\"},\"primaryImageOfPage\":{\"@id\":\"https:\/\/www.benediko.com\/de\/ueber-uns\/malstudio\/#primaryimage\"},\"image\":{\"@id\":\"https:\/\/www.benediko.com\/de\/ueber-uns\/malstudio\/#primaryimage\"},\"thumbnailUrl\":\"https:\/\/www.benediko.com\/wp-content\/uploads\/1200x627-Benediko-DE-1.jpg\",\"datePublished\":\"2019-06-05T09:05:14+00:00\",\"dateModified\":\"2024-09-03T12:12:56+00:00\",\"description\":\"Das Malstudio ist ein wesentlicher Bestandteil von Benediko. Hier verwandeln geschickte Handwerkerund Meisterkoloristen einfache Metalle, Holz\",\"breadcrumb\":{\"@id\":\"https:\/\/www.benediko.com\/de\/ueber-uns\/malstudio\/#breadcrumb\"},\"inLanguage\":\"de\",\"potentialAction\":[{\"@type\":\"ReadAction\",\"target\":[\"https:\/\/www.benediko.com\/de\/ueber-uns\/malstudio\/\"]}]},{\"@type\":\"ImageObject\",\"inLanguage\":\"de\",\"@id\":\"https:\/\/www.benediko.com\/de\/ueber-uns\/malstudio\/#primaryimage\",\"url\":\"https:\/\/www.benediko.com\/wp-content\/uploads\/1200x627-Benediko-DE-1.jpg\",\"contentUrl\":\"https:\/\/www.benediko.com\/wp-content\/uploads\/1200x627-Benediko-DE-1.jpg\",\"width\":1200,\"height\":627},{\"@type\":\"BreadcrumbList\",\"@id\":\"https:\/\/www.benediko.com\/de\/ueber-uns\/malstudio\/#breadcrumb\",\"itemListElement\":[{\"@type\":\"ListItem\",\"position\":1,\"name\":\"Home\",\"item\":\"https:\/\/www.benediko.com\/de\/\"},{\"@type\":\"ListItem\",\"position\":2,\"name\":\"\u00dcBER UNS\",\"item\":\"https:\/\/www.benediko.com\/de\/ueber-uns\/\"},{\"@type\":\"ListItem\",\"position\":3,\"name\":\"MALSTUDIO\"}]},{\"@type\":\"WebSite\",\"@id\":\"https:\/\/www.benediko.com\/#website\",\"url\":\"https:\/\/www.benediko.com\/\",\"name\":\"Benediko\",\"description\":\"Handcrafted Lighting\",\"publisher\":{\"@id\":\"https:\/\/www.benediko.com\/#organization\"},\"potentialAction\":[{\"@type\":\"SearchAction\",\"target\":{\"@type\":\"EntryPoint\",\"urlTemplate\":\"https:\/\/www.benediko.com\/?s={search_term_string}\"},\"query-input\":\"required name=search_term_string\"}],\"inLanguage\":\"de\"},{\"@type\":\"Organization\",\"@id\":\"https:\/\/www.benediko.com\/#organization\",\"name\":\"Benediko\",\"url\":\"https:\/\/www.benediko.com\/\",\"logo\":{\"@type\":\"ImageObject\",\"inLanguage\":\"de\",\"@id\":\"https:\/\/www.benediko.com\/#\/schema\/logo\/image\/\",\"url\":\"https:\/\/www.benediko.com\/wp-content\/uploads\/logo-benediko-white-241x100.jpg\",\"contentUrl\":\"https:\/\/www.benediko.com\/wp-content\/uploads\/logo-benediko-white-241x100.jpg\",\"width\":341,\"height\":100,\"caption\":\"Benediko\"},\"image\":{\"@id\":\"https:\/\/www.benediko.com\/#\/schema\/logo\/image\/\"}}]}<\/script>\n<!-- \/ Yoast SEO plugin. -->","yoast_head_json":{"title":"MALSTUDIO - Benediko","description":"Das Malstudio ist ein wesentlicher Bestandteil von Benediko. Hier verwandeln geschickte Handwerkerund Meisterkoloristen einfache Metalle, Holz","robots":{"index":"index","follow":"follow","max-snippet":"max-snippet:-1","max-image-preview":"max-image-preview:large","max-video-preview":"max-video-preview:-1"},"canonical":"https:\/\/www.benediko.com\/de\/ueber-uns\/malstudio\/","og_locale":"de_DE","og_type":"article","og_title":"MALSTUDIO","og_description":"Das Malstudio ist ein wesentlicher Bestandteil von Benediko. Hier verwandeln geschickte Handwerkerund Meisterkoloristen einfache Metalle, Holz","og_url":"https:\/\/www.benediko.com\/de\/ueber-uns\/malstudio\/","og_site_name":"Benediko","article_modified_time":"2024-09-03T12:12:56+00:00","og_image":[{"width":1200,"height":627,"url":"https:\/\/www.benediko.com\/wp-content\/uploads\/1200x627-Benediko-DE-1.jpg","type":"image\/jpeg"}],"twitter_card":"summary_large_image","twitter_title":"MALSTUDIO","twitter_description":"Das Malstudio ist ein wesentlicher Bestandteil von Benediko. Hier verwandeln geschickte Handwerkerund Meisterkoloristen einfache Metalle, Holz","twitter_image":"https:\/\/www.benediko.com\/wp-content\/uploads\/1200x627-Benediko-DE-1.jpg","twitter_misc":{"Gesch\u00e4tzte Lesezeit":"1\u00a0Minute"},"schema":{"@context":"https:\/\/schema.org","@graph":[{"@type":"WebPage","@id":"https:\/\/www.benediko.com\/de\/ueber-uns\/malstudio\/","url":"https:\/\/www.benediko.com\/de\/ueber-uns\/malstudio\/","name":"MALSTUDIO - Benediko","isPartOf":{"@id":"https:\/\/www.benediko.com\/#website"},"primaryImageOfPage":{"@id":"https:\/\/www.benediko.com\/de\/ueber-uns\/malstudio\/#primaryimage"},"image":{"@id":"https:\/\/www.benediko.com\/de\/ueber-uns\/malstudio\/#primaryimage"},"thumbnailUrl":"https:\/\/www.benediko.com\/wp-content\/uploads\/1200x627-Benediko-DE-1.jpg","datePublished":"2019-06-05T09:05:14+00:00","dateModified":"2024-09-03T12:12:56+00:00","description":"Das Malstudio ist ein wesentlicher Bestandteil von Benediko. Hier verwandeln geschickte Handwerkerund Meisterkoloristen einfache Metalle, Holz","breadcrumb":{"@id":"https:\/\/www.benediko.com\/de\/ueber-uns\/malstudio\/#breadcrumb"},"inLanguage":"de","potentialAction":[{"@type":"ReadAction","target":["https:\/\/www.benediko.com\/de\/ueber-uns\/malstudio\/"]}]},{"@type":"ImageObject","inLanguage":"de","@id":"https:\/\/www.benediko.com\/de\/ueber-uns\/malstudio\/#primaryimage","url":"https:\/\/www.benediko.com\/wp-content\/uploads\/1200x627-Benediko-DE-1.jpg","contentUrl":"https:\/\/www.benediko.com\/wp-content\/uploads\/1200x627-Benediko-DE-1.jpg","width":1200,"height":627},{"@type":"BreadcrumbList","@id":"https:\/\/www.benediko.com\/de\/ueber-uns\/malstudio\/#breadcrumb","itemListElement":[{"@type":"ListItem","position":1,"name":"Home","item":"https:\/\/www.benediko.com\/de\/"},{"@type":"ListItem","position":2,"name":"\u00dcBER UNS","item":"https:\/\/www.benediko.com\/de\/ueber-uns\/"},{"@type":"ListItem","position":3,"name":"MALSTUDIO"}]},{"@type":"WebSite","@id":"https:\/\/www.benediko.com\/#website","url":"https:\/\/www.benediko.com\/","name":"Benediko","description":"Handcrafted Lighting","publisher":{"@id":"https:\/\/www.benediko.com\/#organization"},"potentialAction":[{"@type":"SearchAction","target":{"@type":"EntryPoint","urlTemplate":"https:\/\/www.benediko.com\/?s={search_term_string}"},"query-input":"required name=search_term_string"}],"inLanguage":"de"},{"@type":"Organization","@id":"https:\/\/www.benediko.com\/#organization","name":"Benediko","url":"https:\/\/www.benediko.com\/","logo":{"@type":"ImageObject","inLanguage":"de","@id":"https:\/\/www.benediko.com\/#\/schema\/logo\/image\/","url":"https:\/\/www.benediko.com\/wp-content\/uploads\/logo-benediko-white-241x100.jpg","contentUrl":"https:\/\/www.benediko.com\/wp-content\/uploads\/logo-benediko-white-241x100.jpg","width":341,"height":100,"caption":"Benediko"},"image":{"@id":"https:\/\/www.benediko.com\/#\/schema\/logo\/image\/"}}]}},"_links":{"self":[{"href":"https:\/\/www.benediko.com\/de\/wp-json\/wp\/v2\/pages\/13331"}],"collection":[{"href":"https:\/\/www.benediko.com\/de\/wp-json\/wp\/v2\/pages"}],"about":[{"href":"https:\/\/www.benediko.com\/de\/wp-json\/wp\/v2\/types\/page"}],"author":[{"embeddable":true,"href":"https:\/\/www.benediko.com\/de\/wp-json\/wp\/v2\/users\/1"}],"replies":[{"embeddable":true,"href":"https:\/\/www.benediko.com\/de\/wp-json\/wp\/v2\/comments?post=13331"}],"version-history":[{"count":11,"href":"https:\/\/www.benediko.com\/de\/wp-json\/wp\/v2\/pages\/13331\/revisions"}],"predecessor-version":[{"id":15275,"href":"https:\/\/www.benediko.com\/de\/wp-json\/wp\/v2\/pages\/13331\/revisions\/15275"}],"up":[{"embeddable":true,"href":"https:\/\/www.benediko.com\/de\/wp-json\/wp\/v2\/pages\/13319"}],"wp:featuredmedia":[{"embeddable":true,"href":"https:\/\/www.benediko.com\/de\/wp-json\/wp\/v2\/media\/13647"}],"wp:attachment":[{"href":"https:\/\/www.benediko.com\/de\/wp-json\/wp\/v2\/media?parent=13331"}],"curies":[{"name":"wp","href":"https:\/\/api.w.org\/{rel}","templated":true}]}}