{"id":13320,"date":"2019-06-25T13:41:22","date_gmt":"2019-06-25T11:41:22","guid":{"rendered":"https:\/\/www.benediko.com\/about-us\/customisation\/"},"modified":"2023-10-04T15:42:42","modified_gmt":"2023-10-04T13:42:42","slug":"individualisierung","status":"publish","type":"page","link":"https:\/\/www.benediko.com\/de\/ueber-uns\/individualisierung\/","title":{"rendered":"INDIVIDUALISIERUNG"},"content":{"rendered":"<p>[vc_row full_width=&#8220;stretch_row_content&#8220;][vc_column][vc_column_text css=&#8220;.vc_custom_1696426958011{padding-bottom: 5% !important;}&#8220;]<\/p>\n<h2 style=\"text-align: center;\">INDIVIDUALISIERUNG<\/h2>\n<p style=\"text-align: center;\">Wir erweitern st\u00e4ndig die Benediko-Kollektion mit innovativen Designs.<\/p>\n<p style=\"text-align: center;\">Viele dieser St\u00fccke k\u00f6nnen Sie individuell gestalten und anpassen, um etwas Einzigartiges und Au\u00dfergew\u00f6hnliches zu kreieren.<\/p>\n<p style=\"text-align: center;\">F\u00fcr uns ist es essenziell, Ihren pers\u00f6nlichen Stil und W\u00fcnschen Raum zu geben.<\/p>\n<p style=\"text-align: center;\">Nutzen Sie die vielf\u00e4ltigen M\u00f6glichkeiten, um Produkte ganz nach Ihren Vorstellungen und Bed\u00fcrfnissen zu gestalten.<\/p>\n<p>[\/vc_column_text][\/vc_column][\/vc_row][vc_row][vc_column width=&#8220;1\/2&#8243; css=&#8220;.vc_custom_1641298247090{padding-top: 10px !important;padding-bottom: 10px !important;}&#8220;][vc_single_image image=&#8220;12699&#8243; img_size=&#8220;full&#8220;][\/vc_column][vc_column width=&#8220;1\/2&#8243; css=&#8220;.vc_custom_1641298253932{padding-top: 10px !important;padding-bottom: 10px !important;}&#8220;][vc_single_image image=&#8220;12901&#8243; img_size=&#8220;full&#8220;][\/vc_column][\/vc_row]<\/p>\n","protected":false},"excerpt":{"rendered":"<p>[vc_row full_width=&#8220;stretch_row_content&#8220;][vc_column][vc_column_text css=&#8220;.vc_custom_1696426958011{padding-bottom: 5% !important;}&#8220;] INDIVIDUALISIERUNG Wir erweitern st\u00e4ndig die Benediko-Kollektion mit innovativen Designs. Viele&hellip;<\/p>\n","protected":false},"author":1,"featured_media":13647,"parent":13319,"menu_order":0,"comment_status":"closed","ping_status":"closed","template":"","meta":{"footnotes":""},"class_list":["post-13320","page","type-page","status-publish","has-post-thumbnail","hentry"],"yoast_head":"<!-- This site is optimized with the Yoast SEO plugin v23.1 - https:\/\/yoast.com\/wordpress\/plugins\/seo\/ -->\n<title>INDIVIDUALISIERUNG - Benediko<\/title>\n<meta name=\"description\" content=\"Um den Bed\u00fcrfnissen unserer Kunden gerecht zu werden, bieten wir die M\u00f6glichkeit an, unsereProdukte an ihre individuellen\" \/>\n<meta name=\"robots\" content=\"index, follow, max-snippet:-1, max-image-preview:large, max-video-preview:-1\" \/>\n<link rel=\"canonical\" href=\"https:\/\/www.benediko.com\/de\/ueber-uns\/individualisierung\/\" \/>\n<meta property=\"og:locale\" content=\"de_DE\" \/>\n<meta property=\"og:type\" content=\"article\" \/>\n<meta property=\"og:title\" content=\"INDIVIDUALISIERUNG\" \/>\n<meta property=\"og:description\" content=\"Um den Bed\u00fcrfnissen unserer Kunden gerecht zu werden, bieten wir die M\u00f6glichkeit an, unsereProdukte an ihre individuellen\" \/>\n<meta property=\"og:url\" content=\"https:\/\/www.benediko.com\/de\/ueber-uns\/individualisierung\/\" \/>\n<meta property=\"og:site_name\" content=\"Benediko\" \/>\n<meta property=\"article:modified_time\" content=\"2023-10-04T13:42:42+00:00\" \/>\n<meta property=\"og:image\" content=\"https:\/\/www.benediko.com\/wp-content\/uploads\/1200x627-Benediko-DE-1.jpg\" \/>\n\t<meta property=\"og:image:width\" content=\"1200\" \/>\n\t<meta property=\"og:image:height\" content=\"627\" \/>\n\t<meta property=\"og:image:type\" content=\"image\/jpeg\" \/>\n<meta name=\"twitter:card\" content=\"summary_large_image\" \/>\n<meta name=\"twitter:title\" content=\"INDIVIDUALISIERUNG\" \/>\n<meta name=\"twitter:description\" content=\"Um den Bed\u00fcrfnissen unserer Kunden gerecht zu werden, bieten wir die M\u00f6glichkeit an, unsereProdukte an ihre individuellen\" \/>\n<meta name=\"twitter:image\" content=\"https:\/\/www.benediko.com\/wp-content\/uploads\/1200x627-Benediko-DE-1.jpg\" \/>\n<meta name=\"twitter:label1\" content=\"Gesch\u00e4tzte Lesezeit\" \/>\n\t<meta name=\"twitter:data1\" content=\"1\u00a0Minute\" \/>\n<script type=\"application\/ld+json\" class=\"yoast-schema-graph\">{\"@context\":\"https:\/\/schema.org\",\"@graph\":[{\"@type\":\"WebPage\",\"@id\":\"https:\/\/www.benediko.com\/de\/ueber-uns\/individualisierung\/\",\"url\":\"https:\/\/www.benediko.com\/de\/ueber-uns\/individualisierung\/\",\"name\":\"INDIVIDUALISIERUNG - Benediko\",\"isPartOf\":{\"@id\":\"https:\/\/www.benediko.com\/#website\"},\"primaryImageOfPage\":{\"@id\":\"https:\/\/www.benediko.com\/de\/ueber-uns\/individualisierung\/#primaryimage\"},\"image\":{\"@id\":\"https:\/\/www.benediko.com\/de\/ueber-uns\/individualisierung\/#primaryimage\"},\"thumbnailUrl\":\"https:\/\/www.benediko.com\/wp-content\/uploads\/1200x627-Benediko-DE-1.jpg\",\"datePublished\":\"2019-06-25T11:41:22+00:00\",\"dateModified\":\"2023-10-04T13:42:42+00:00\",\"description\":\"Um den Bed\u00fcrfnissen unserer Kunden gerecht zu werden, bieten wir die M\u00f6glichkeit an, unsereProdukte an ihre individuellen\",\"breadcrumb\":{\"@id\":\"https:\/\/www.benediko.com\/de\/ueber-uns\/individualisierung\/#breadcrumb\"},\"inLanguage\":\"de\",\"potentialAction\":[{\"@type\":\"ReadAction\",\"target\":[\"https:\/\/www.benediko.com\/de\/ueber-uns\/individualisierung\/\"]}]},{\"@type\":\"ImageObject\",\"inLanguage\":\"de\",\"@id\":\"https:\/\/www.benediko.com\/de\/ueber-uns\/individualisierung\/#primaryimage\",\"url\":\"https:\/\/www.benediko.com\/wp-content\/uploads\/1200x627-Benediko-DE-1.jpg\",\"contentUrl\":\"https:\/\/www.benediko.com\/wp-content\/uploads\/1200x627-Benediko-DE-1.jpg\",\"width\":1200,\"height\":627},{\"@type\":\"BreadcrumbList\",\"@id\":\"https:\/\/www.benediko.com\/de\/ueber-uns\/individualisierung\/#breadcrumb\",\"itemListElement\":[{\"@type\":\"ListItem\",\"position\":1,\"name\":\"Home\",\"item\":\"https:\/\/www.benediko.com\/de\/\"},{\"@type\":\"ListItem\",\"position\":2,\"name\":\"\u00dcBER UNS\",\"item\":\"https:\/\/www.benediko.com\/de\/ueber-uns\/\"},{\"@type\":\"ListItem\",\"position\":3,\"name\":\"INDIVIDUALISIERUNG\"}]},{\"@type\":\"WebSite\",\"@id\":\"https:\/\/www.benediko.com\/#website\",\"url\":\"https:\/\/www.benediko.com\/\",\"name\":\"Benediko\",\"description\":\"Handcrafted Lighting\",\"publisher\":{\"@id\":\"https:\/\/www.benediko.com\/#organization\"},\"potentialAction\":[{\"@type\":\"SearchAction\",\"target\":{\"@type\":\"EntryPoint\",\"urlTemplate\":\"https:\/\/www.benediko.com\/?s={search_term_string}\"},\"query-input\":\"required name=search_term_string\"}],\"inLanguage\":\"de\"},{\"@type\":\"Organization\",\"@id\":\"https:\/\/www.benediko.com\/#organization\",\"name\":\"Benediko\",\"url\":\"https:\/\/www.benediko.com\/\",\"logo\":{\"@type\":\"ImageObject\",\"inLanguage\":\"de\",\"@id\":\"https:\/\/www.benediko.com\/#\/schema\/logo\/image\/\",\"url\":\"https:\/\/www.benediko.com\/wp-content\/uploads\/logo-benediko-white-241x100.jpg\",\"contentUrl\":\"https:\/\/www.benediko.com\/wp-content\/uploads\/logo-benediko-white-241x100.jpg\",\"width\":341,\"height\":100,\"caption\":\"Benediko\"},\"image\":{\"@id\":\"https:\/\/www.benediko.com\/#\/schema\/logo\/image\/\"}}]}<\/script>\n<!-- \/ Yoast SEO plugin. -->","yoast_head_json":{"title":"INDIVIDUALISIERUNG - Benediko","description":"Um den Bed\u00fcrfnissen unserer Kunden gerecht zu werden, bieten wir die M\u00f6glichkeit an, unsereProdukte an ihre individuellen","robots":{"index":"index","follow":"follow","max-snippet":"max-snippet:-1","max-image-preview":"max-image-preview:large","max-video-preview":"max-video-preview:-1"},"canonical":"https:\/\/www.benediko.com\/de\/ueber-uns\/individualisierung\/","og_locale":"de_DE","og_type":"article","og_title":"INDIVIDUALISIERUNG","og_description":"Um den Bed\u00fcrfnissen unserer Kunden gerecht zu werden, bieten wir die M\u00f6glichkeit an, unsereProdukte an ihre individuellen","og_url":"https:\/\/www.benediko.com\/de\/ueber-uns\/individualisierung\/","og_site_name":"Benediko","article_modified_time":"2023-10-04T13:42:42+00:00","og_image":[{"width":1200,"height":627,"url":"https:\/\/www.benediko.com\/wp-content\/uploads\/1200x627-Benediko-DE-1.jpg","type":"image\/jpeg"}],"twitter_card":"summary_large_image","twitter_title":"INDIVIDUALISIERUNG","twitter_description":"Um den Bed\u00fcrfnissen unserer Kunden gerecht zu werden, bieten wir die M\u00f6glichkeit an, unsereProdukte an ihre individuellen","twitter_image":"https:\/\/www.benediko.com\/wp-content\/uploads\/1200x627-Benediko-DE-1.jpg","twitter_misc":{"Gesch\u00e4tzte Lesezeit":"1\u00a0Minute"},"schema":{"@context":"https:\/\/schema.org","@graph":[{"@type":"WebPage","@id":"https:\/\/www.benediko.com\/de\/ueber-uns\/individualisierung\/","url":"https:\/\/www.benediko.com\/de\/ueber-uns\/individualisierung\/","name":"INDIVIDUALISIERUNG - Benediko","isPartOf":{"@id":"https:\/\/www.benediko.com\/#website"},"primaryImageOfPage":{"@id":"https:\/\/www.benediko.com\/de\/ueber-uns\/individualisierung\/#primaryimage"},"image":{"@id":"https:\/\/www.benediko.com\/de\/ueber-uns\/individualisierung\/#primaryimage"},"thumbnailUrl":"https:\/\/www.benediko.com\/wp-content\/uploads\/1200x627-Benediko-DE-1.jpg","datePublished":"2019-06-25T11:41:22+00:00","dateModified":"2023-10-04T13:42:42+00:00","description":"Um den Bed\u00fcrfnissen unserer Kunden gerecht zu werden, bieten wir die M\u00f6glichkeit an, unsereProdukte an ihre individuellen","breadcrumb":{"@id":"https:\/\/www.benediko.com\/de\/ueber-uns\/individualisierung\/#breadcrumb"},"inLanguage":"de","potentialAction":[{"@type":"ReadAction","target":["https:\/\/www.benediko.com\/de\/ueber-uns\/individualisierung\/"]}]},{"@type":"ImageObject","inLanguage":"de","@id":"https:\/\/www.benediko.com\/de\/ueber-uns\/individualisierung\/#primaryimage","url":"https:\/\/www.benediko.com\/wp-content\/uploads\/1200x627-Benediko-DE-1.jpg","contentUrl":"https:\/\/www.benediko.com\/wp-content\/uploads\/1200x627-Benediko-DE-1.jpg","width":1200,"height":627},{"@type":"BreadcrumbList","@id":"https:\/\/www.benediko.com\/de\/ueber-uns\/individualisierung\/#breadcrumb","itemListElement":[{"@type":"ListItem","position":1,"name":"Home","item":"https:\/\/www.benediko.com\/de\/"},{"@type":"ListItem","position":2,"name":"\u00dcBER UNS","item":"https:\/\/www.benediko.com\/de\/ueber-uns\/"},{"@type":"ListItem","position":3,"name":"INDIVIDUALISIERUNG"}]},{"@type":"WebSite","@id":"https:\/\/www.benediko.com\/#website","url":"https:\/\/www.benediko.com\/","name":"Benediko","description":"Handcrafted Lighting","publisher":{"@id":"https:\/\/www.benediko.com\/#organization"},"potentialAction":[{"@type":"SearchAction","target":{"@type":"EntryPoint","urlTemplate":"https:\/\/www.benediko.com\/?s={search_term_string}"},"query-input":"required name=search_term_string"}],"inLanguage":"de"},{"@type":"Organization","@id":"https:\/\/www.benediko.com\/#organization","name":"Benediko","url":"https:\/\/www.benediko.com\/","logo":{"@type":"ImageObject","inLanguage":"de","@id":"https:\/\/www.benediko.com\/#\/schema\/logo\/image\/","url":"https:\/\/www.benediko.com\/wp-content\/uploads\/logo-benediko-white-241x100.jpg","contentUrl":"https:\/\/www.benediko.com\/wp-content\/uploads\/logo-benediko-white-241x100.jpg","width":341,"height":100,"caption":"Benediko"},"image":{"@id":"https:\/\/www.benediko.com\/#\/schema\/logo\/image\/"}}]}},"_links":{"self":[{"href":"https:\/\/www.benediko.com\/de\/wp-json\/wp\/v2\/pages\/13320"}],"collection":[{"href":"https:\/\/www.benediko.com\/de\/wp-json\/wp\/v2\/pages"}],"about":[{"href":"https:\/\/www.benediko.com\/de\/wp-json\/wp\/v2\/types\/page"}],"author":[{"embeddable":true,"href":"https:\/\/www.benediko.com\/de\/wp-json\/wp\/v2\/users\/1"}],"replies":[{"embeddable":true,"href":"https:\/\/www.benediko.com\/de\/wp-json\/wp\/v2\/comments?post=13320"}],"version-history":[{"count":8,"href":"https:\/\/www.benediko.com\/de\/wp-json\/wp\/v2\/pages\/13320\/revisions"}],"predecessor-version":[{"id":13745,"href":"https:\/\/www.benediko.com\/de\/wp-json\/wp\/v2\/pages\/13320\/revisions\/13745"}],"up":[{"embeddable":true,"href":"https:\/\/www.benediko.com\/de\/wp-json\/wp\/v2\/pages\/13319"}],"wp:featuredmedia":[{"embeddable":true,"href":"https:\/\/www.benediko.com\/de\/wp-json\/wp\/v2\/media\/13647"}],"wp:attachment":[{"href":"https:\/\/www.benediko.com\/de\/wp-json\/wp\/v2\/media?parent=13320"}],"curies":[{"name":"wp","href":"https:\/\/api.w.org\/{rel}","templated":true}]}}